{"id":1187,"date":"2017-07-10T17:37:03","date_gmt":"2017-07-10T17:37:03","guid":{"rendered":"http:\/\/taulunkartano.fi\/?page_id=1187\/"},"modified":"2017-07-11T08:32:58","modified_gmt":"2017-07-11T08:32:58","slug":"story-of-taulun-kartano","status":"publish","type":"page","link":"https:\/\/taulunkartano.fi\/en\/story-of-taulun-kartano\/","title":{"rendered":"Story of Taulun Kartano"},"content":{"rendered":"<div class=\"wpb-content-wrapper\">[mk_page_section bg_image=&#8221;http:\/\/taulunkartano.cloud23.hostingpalvelu.fi\/wp-content\/uploads\/2017\/01\/tauluntarina.jpg&#8221; bg_position=&#8221;center bottom&#8221; bg_repeat=&#8221;no-repeat&#8221; bg_stretch=&#8221;true&#8221; enable_3d=&#8221;true&#8221; speed_factor=&#8221;0.4&#8243; bg_gradient=&#8221;vertical&#8221; video_color_mask=&#8221;#333333&#8243; video_opacity=&#8221;0.1&#8243; min_height=&#8221;500&#8243; full_width=&#8221;true&#8221; padding_top=&#8221;0&#8243; top_shape_color=&#8221;#ffffff&#8221; bottom_shape_style=&#8221;curve-bottom&#8221; bottom_shape_color=&#8221;#ffffff&#8221; el_class=&#8221;sivuosio&#8221; sidebar=&#8221;sidebar-1&#8243;][vc_column css=&#8221;.vc_custom_1475674396383{padding-top: 0px !important;padding-right: 0px !important;padding-bottom: 0px !important;padding-left: 0px !important;}&#8221;][mk_image src=&#8221;http:\/\/taulunkartano.cloud23.hostingpalvelu.fi\/wp-content\/uploads\/2016\/08\/reuna_ala.png&#8221; image_size=&#8221;full&#8221; align=&#8221;center&#8221; el_class=&#8221;kuvamoduuli&#8221;][mk_padding_divider size=&#8221;20&#8243;][\/vc_column][\/mk_page_section][mk_page_section bg_position=&#8221;left center&#8221; bg_repeat=&#8221;no-repeat&#8221; bg_stretch=&#8221;true&#8221; enable_3d=&#8221;true&#8221; sidebar=&#8221;sidebar-1&#8243;][vc_column][vc_row_inner css=&#8221;.vc_custom_1483444896409{padding-top: 50px !important;}&#8221;][vc_column_inner][mk_fancy_title tag_name=&#8221;h1&#8243; size=&#8221;45&#8243; force_font_size=&#8221;true&#8221; size_phone=&#8221;30&#8243; margin_bottom=&#8221;0&#8243; font_family=&#8221;none&#8221; align=&#8221;center&#8221;]Story of Taulun Kartano[\/mk_fancy_title][vc_single_image image=&#8221;121&#8243; img_size=&#8221;full&#8221; alignment=&#8221;center&#8221; css=&#8221;.vc_custom_1483101352560{margin-top: 40px !important;}&#8221;][\/vc_column_inner][\/vc_row_inner][vc_row_inner][vc_column_inner width=&#8221;1\/2&#8243; css=&#8221;.vc_custom_1483446352451{padding-top: 20px !important;}&#8221;][mk_fancy_title size=&#8221;30&#8243; force_font_size=&#8221;true&#8221; size_phone=&#8221;30&#8243; margin_top=&#8221;20&#8243; margin_bottom=&#8221;0&#8243; font_family=&#8221;none&#8221; responsive_align=&#8221;left&#8221;]History[\/mk_fancy_title][vc_column_text]The Estate property was owned by the State until 1940, when V\u00e4in\u00f6 P\u00e4nk\u00e4l\u00e4inen acquired it. The Penk\u00e4l\u00e4inen family first leased the property and beginning in the 1940s owned it for five generations, until it was purchased by Jyrki and Riitta Halttunen. Alina P\u00e4nk\u00e4l\u00e4inen, the current owner&#8217;s paternal great grand-daughter, was among the Taulu daughters and married forest ranger David Haluttunen, in 1892.<\/p>\n<p>The Kankainen municipality&#8217;s Lauka property dates back as far as 1776. The area was for the most part uninhabited wilderness. Gustav III&#8217;s construction of a military road from Laukka to Kangasniemi through Mikkeli was significant for the area during the Russo-Swedish War (1788\u20131790).<\/p>\n<p>Finland&#8217;s diplomatic relations with Sweden broke down due to the Finnish Ware in 1808-1809, after which Finland was made an autonomic grand duchy of tsarist Russia. As the war dragged on, Russian Tsar Alexander I ordered the Finns to attend a meeting Porvoo, Finland, in March 1809.[\/vc_column_text][\/vc_column_inner][vc_column_inner width=&#8221;1\/2&#8243; css=&#8221;.vc_custom_1483962066906{padding-top: 100px !important;}&#8221;][mk_circle_image src=&#8221;http:\/\/taulunkartano.cloud23.hostingpalvelu.fi\/wp-content\/uploads\/2017\/01\/pankalainen-perhe.jpg&#8221;][\/vc_column_inner][\/vc_row_inner][vc_row_inner css=&#8221;.vc_custom_1483446103785{padding-top: 10px !important;padding-bottom: 10px !important;}&#8221;][vc_column_inner][vc_single_image image=&#8221;121&#8243; img_size=&#8221;full&#8221; alignment=&#8221;center&#8221; css=&#8221;.vc_custom_1483101352560{margin-top: 40px !important;}&#8221;][\/vc_column_inner][\/vc_row_inner][vc_row_inner css=&#8221;.vc_custom_1483446736419{padding-top: 50px !important;padding-bottom: 20px !important;}&#8221;][vc_column_inner width=&#8221;1\/2&#8243; css=&#8221;.vc_custom_1483962148525{padding-top: 50px !important;}&#8221;][mk_circle_image src=&#8221;http:\/\/taulunkartano.cloud23.hostingpalvelu.fi\/wp-content\/uploads\/2017\/01\/suojeluskunta.jpg&#8221;][\/vc_column_inner][vc_column_inner width=&#8221;1\/2&#8243;][mk_fancy_title size=&#8221;30&#8243; force_font_size=&#8221;true&#8221; size_phone=&#8221;30&#8243; margin_top=&#8221;20&#8243; margin_bottom=&#8221;0&#8243; font_family=&#8221;none&#8221; responsive_align=&#8221;left&#8221;]Establishing the Taulu Estate[\/mk_fancy_title][vc_column_text]Taulu was established in 1849 in the context of distribution of disposable land to the Crown, i.e. 1\/8 of the region&#8217;s new military housing, which was given 275 hectares. The house became subject to the Kangas military authority which had served from 1698 as the office of the commander of the Sysm\u00e4 Company. As the actual reserve army had been ceased at the Porvoo conference in 1809, Taulu never served as a gratuity for army officers but was instead leased out.<\/p>\n<p>The Taulu area was burned as clear as early as 1830. The first farmer to till the soil was Matts Filipsson Puikkonen (1799-1862), who was presumably the first to lease the Estate. He married Matts Filipsson Puikkonen (1799-1862). Their daughter, Anna Lena Mattsdotter, married Johan Mattson P\u00e4nk\u00e4l\u00e4isen.[\/vc_column_text][\/vc_column_inner][\/vc_row_inner][vc_row_inner css=&#8221;.vc_custom_1483446103785{padding-top: 10px !important;padding-bottom: 10px !important;}&#8221;][vc_column_inner][vc_single_image image=&#8221;121&#8243; img_size=&#8221;full&#8221; alignment=&#8221;center&#8221; css=&#8221;.vc_custom_1483101352560{margin-top: 40px !important;}&#8221;][\/vc_column_inner][\/vc_row_inner][vc_row_inner][vc_column_inner width=&#8221;1\/2&#8243; css=&#8221;.vc_custom_1483446352451{padding-top: 20px !important;}&#8221;][mk_fancy_title size=&#8221;30&#8243; force_font_size=&#8221;true&#8221; size_phone=&#8221;30&#8243; margin_top=&#8221;20&#8243; margin_bottom=&#8221;0&#8243; font_family=&#8221;none&#8221; responsive_align=&#8221;left&#8221;]Life under old laws[\/mk_fancy_title][vc_column_text]A leaser&#8217;s rights with regard to rural parish and responsibilities to pay taxes were the same as those who had inherited Estates, but they did not own the property. Forestry rights were more restricted and products grown could not be freely sold. The Estate, field, forests and building had to be tended to. Rent was a fixed sum based on the size of the property and was paid annually in cash.<\/p>\n<p>&nbsp;<\/p>\n<p>&nbsp;<\/p>\n<p>Maintenance of the Taulu property was reviewed annually by a residence inspector, who documented it. If deficiencies were found repairs could be required. For example, in the 1930s a reviewed required that the &#8220;cellar door be coated with tar.&#8221; The inspector was an important state official, who was well respected and tolerated.<\/p>\n<p>Establishing crofts had originally been a privilege reserved for the crown and the nobility. Rectories and official offices were also allowed to establish crofts, and as of 1664 also inns.\u00a0 A contract was always made when establishing a croft, and was often oral. The Land Lease Act of 1902 required new contracts to be made in writing. Taulu has four crofts, Lapinniemi, Ohrakyt\u00f6, Rasinaho and Aittokangas. In payment for use of the croft the renter had to do free day labour on the croft, which varied from a couple of weeks to nine weeks a year. The crofts were divided into separate properties in 1928, and the corv\u00e9e responsibility ended.[\/vc_column_text][\/vc_column_inner][vc_column_inner width=&#8221;1\/2&#8243; css=&#8221;.vc_custom_1483962104514{padding-top: 100px !important;}&#8221;][mk_circle_image src=&#8221;http:\/\/taulunkartano.cloud23.hostingpalvelu.fi\/wp-content\/uploads\/2017\/01\/kartano-50-luku.jpg&#8221;][\/vc_column_inner][\/vc_row_inner][vc_row_inner css=&#8221;.vc_custom_1483446103785{padding-top: 10px !important;padding-bottom: 10px !important;}&#8221;][vc_column_inner][vc_single_image image=&#8221;121&#8243; img_size=&#8221;full&#8221; alignment=&#8221;center&#8221; css=&#8221;.vc_custom_1483101352560{margin-top: 40px !important;}&#8221;][\/vc_column_inner][\/vc_row_inner][vc_row_inner css=&#8221;.vc_custom_1483446736419{padding-top: 50px !important;padding-bottom: 20px !important;}&#8221;][vc_column_inner width=&#8221;1\/2&#8243; css=&#8221;.vc_custom_1483962163756{padding-top: 50px !important;}&#8221;][mk_circle_image src=&#8221;http:\/\/taulunkartano.cloud23.hostingpalvelu.fi\/wp-content\/uploads\/2017\/01\/raamisaha.jpg&#8221;][\/vc_column_inner][vc_column_inner width=&#8221;1\/2&#8243;][mk_fancy_title size=&#8221;30&#8243; force_font_size=&#8221;true&#8221; size_phone=&#8221;30&#8243; margin_top=&#8221;20&#8243; margin_bottom=&#8221;0&#8243; font_family=&#8221;none&#8221; responsive_align=&#8221;left&#8221;]Making a living in olden times[\/mk_fancy_title][vc_column_text]The Estate made a living through agriculture, with a maximum of 20 cows and five horses. At the time, it was also common to ensure agricultural solvency by raising sheep, chickens and pigs.<\/p>\n<p>In the 1920s the Estate had a gang saw run by a steam engine. The steam also ran a generator that provided electricity for the house.<\/p>\n<p>In the 1950s the Estate served as a forestry station, and also had a mill for its own needs and a shed. After the war, accommodation was established for Metso&#8217;s migrant workers. The Taulu Estate has also served local residents in a variety of ways. The leadership or Kankainen&#8217;s first grammar school was selected on 5 June 1906, and the school began operating in what had been Taulu&#8217;s military offices on the border with Kangasniemi. The school&#8217;s first teacher was Tyyne Repo. The school operated in Taulu until 1936, when construction of a new town school was completed.<\/p>\n<p>Starting in 1932 Taula served as a post office. Post handled on newspapers and letters, not payments. In 1946 it was changed to handle second-class mail, and later first-class mail. The post office operated in Taulu until 1985.<\/p>\n<p>Over the years the house adapted to meet new needs. Soon after the war the Estate&#8217;s large cottage (the current hall) became a store and Osuusliike Vaajala started running the store in Taulu in Kankainen. Keskimaa ran the store until the 1960s, when the Taulu store was rented to private storekeepers until the 1970s. The floor above the store was renovated into a two-room flat with a small kitchen and WC that was rented to the storekeeper&#8217;s family.[\/vc_column_text][\/vc_column_inner][\/vc_row_inner][\/vc_column][\/mk_page_section][vc_row css=&#8221;.vc_custom_1483446468735{padding-top: 10px !important;padding-bottom: 10px !important;}&#8221;][vc_column][vc_single_image image=&#8221;121&#8243; img_size=&#8221;full&#8221; alignment=&#8221;center&#8221;][\/vc_column][\/vc_row][vc_row fullwidth=&#8221;true&#8221; css=&#8221;.vc_custom_1475841773100{margin-bottom: 0px !important;padding-bottom: 0px !important;}&#8221;][vc_column][mk_image src=&#8221;http:\/\/taulunkartano.cloud23.hostingpalvelu.fi\/wp-content\/uploads\/2016\/08\/footer_reuna.png&#8221; image_size=&#8221;full&#8221; align=&#8221;center&#8221; margin_bottom=&#8221;0&#8243; el_class=&#8221;kuvamoduuli&#8221;][\/vc_column][\/vc_row]\n<\/div>","protected":false},"excerpt":{"rendered":"<p>[mk_page_section bg_image=&#8221;http:\/\/taulunkartano.cloud23.hostingpalvelu.fi\/wp-content\/uploads\/2017\/01\/tauluntarina.jpg&#8221; bg_position=&#8221;center bottom&#8221; bg_repeat=&#8221;no-repeat&#8221; bg_stretch=&#8221;true&#8221; enable_3d=&#8221;true&#8221; speed_factor=&#8221;0.4&#8243; bg_gradient=&#8221;vertical&#8221; video_color_mask=&#8221;#333333&#8243; video_opacity=&#8221;0.1&#8243; min_height=&#8221;500&#8243; full_width=&#8221;true&#8221; padding_top=&#8221;0&#8243; top_shape_color=&#8221;#ffffff&#8221; bottom_shape_style=&#8221;curve-bottom&#8221; bottom_shape_color=&#8221;#ffffff&#8221; el_class=&#8221;sivuosio&#8221; sidebar=&#8221;sidebar-1&#8243;][vc_column css=&#8221;.vc_custom_1475674396383{padding-top: 0px !important;padding-right: 0px !important;padding-bottom: 0px !important;padding-left: 0px !important;}&#8221;][mk_image src=&#8221;http:\/\/taulunkartano.cloud23.hostingpalvelu.fi\/wp-content\/uploads\/2016\/08\/reuna_ala.png&#8221; image_size=&#8221;full&#8221; align=&#8221;center&#8221; el_class=&#8221;kuvamoduuli&#8221;][mk_padding_divider size=&#8221;20&#8243;][\/vc_column][\/mk_page_section][mk_page_section bg_position=&#8221;left center&#8221; bg_repeat=&#8221;no-repeat&#8221; bg_stretch=&#8221;true&#8221; enable_3d=&#8221;true&#8221; sidebar=&#8221;sidebar-1&#8243;][vc_column][vc_row_inner css=&#8221;.vc_custom_1483444896409{padding-top: 50px !important;}&#8221;][vc_column_inner][mk_fancy_title tag_name=&#8221;h1&#8243; size=&#8221;45&#8243; force_font_size=&#8221;true&#8221; size_phone=&#8221;30&#8243; margin_bottom=&#8221;0&#8243; font_family=&#8221;none&#8221; align=&#8221;center&#8221;]Story of Taulun Kartano[\/mk_fancy_title][vc_single_image image=&#8221;121&#8243; img_size=&#8221;full&#8221; alignment=&#8221;center&#8221; [&hellip;]<\/p>\n","protected":false},"author":1,"featured_media":0,"parent":0,"menu_order":0,"comment_status":"closed","ping_status":"closed","template":"","meta":{"footnotes":""},"class_list":["post-1187","page","type-page","status-publish","hentry"],"yoast_head":"<!-- This site is optimized with the Yoast SEO plugin v27.4 - https:\/\/yoast.com\/product\/yoast-seo-wordpress\/ -->\n<title>Story of Taulun Kartano - Taulun Kartano<\/title>\n<meta name=\"robots\" content=\"index, follow, max-snippet:-1, max-image-preview:large, max-video-preview:-1\" \/>\n<link rel=\"canonical\" href=\"https:\/\/taulunkartano.fi\/en\/story-of-taulun-kartano\/\" \/>\n<meta property=\"og:locale\" content=\"en_US\" \/>\n<meta property=\"og:type\" content=\"article\" \/>\n<meta property=\"og:title\" content=\"Story of Taulun Kartano - Taulun Kartano\" \/>\n<meta property=\"og:description\" content=\"[mk_page_section bg_image=&#8221;http:\/\/taulunkartano.cloud23.hostingpalvelu.fi\/wp-content\/uploads\/2017\/01\/tauluntarina.jpg&#8221; bg_position=&#8221;center bottom&#8221; bg_repeat=&#8221;no-repeat&#8221; bg_stretch=&#8221;true&#8221; enable_3d=&#8221;true&#8221; speed_factor=&#8221;0.4&#8243; bg_gradient=&#8221;vertical&#8221; video_color_mask=&#8221;#333333&#8243; video_opacity=&#8221;0.1&#8243; min_height=&#8221;500&#8243; full_width=&#8221;true&#8221; padding_top=&#8221;0&#8243; top_shape_color=&#8221;#ffffff&#8221; bottom_shape_style=&#8221;curve-bottom&#8221; bottom_shape_color=&#8221;#ffffff&#8221; el_class=&#8221;sivuosio&#8221; sidebar=&#8221;sidebar-1&#8243;][vc_column css=&#8221;.vc_custom_1475674396383{padding-top: 0px !important;padding-right: 0px !important;padding-bottom: 0px !important;padding-left: 0px !important;}&#8221;][mk_image src=&#8221;http:\/\/taulunkartano.cloud23.hostingpalvelu.fi\/wp-content\/uploads\/2016\/08\/reuna_ala.png&#8221; image_size=&#8221;full&#8221; align=&#8221;center&#8221; el_class=&#8221;kuvamoduuli&#8221;][mk_padding_divider size=&#8221;20&#8243;][\/vc_column][\/mk_page_section][mk_page_section bg_position=&#8221;left center&#8221; bg_repeat=&#8221;no-repeat&#8221; bg_stretch=&#8221;true&#8221; enable_3d=&#8221;true&#8221; sidebar=&#8221;sidebar-1&#8243;][vc_column][vc_row_inner css=&#8221;.vc_custom_1483444896409{padding-top: 50px !important;}&#8221;][vc_column_inner][mk_fancy_title tag_name=&#8221;h1&#8243; size=&#8221;45&#8243; force_font_size=&#8221;true&#8221; size_phone=&#8221;30&#8243; margin_bottom=&#8221;0&#8243; font_family=&#8221;none&#8221; align=&#8221;center&#8221;]Story of Taulun Kartano[\/mk_fancy_title][vc_single_image image=&#8221;121&#8243; img_size=&#8221;full&#8221; alignment=&#8221;center&#8221; [&hellip;]\" \/>\n<meta property=\"og:url\" content=\"https:\/\/taulunkartano.fi\/en\/story-of-taulun-kartano\/\" \/>\n<meta property=\"og:site_name\" content=\"Taulun Kartano\" \/>\n<meta property=\"article:modified_time\" content=\"2017-07-11T08:32:58+00:00\" \/>\n<meta property=\"og:image\" content=\"https:\/\/taulunkartano.fi\/wp-content\/uploads\/2016\/08\/testi_rakennus-1.jpg\" \/>\n\t<meta property=\"og:image:width\" content=\"1920\" \/>\n\t<meta property=\"og:image:height\" content=\"1031\" \/>\n\t<meta property=\"og:image:type\" content=\"image\/jpeg\" \/>\n<meta name=\"twitter:card\" content=\"summary_large_image\" \/>\n<meta name=\"twitter:label1\" content=\"Est. reading time\" \/>\n\t<meta name=\"twitter:data1\" content=\"7 minutes\" \/>\n<script type=\"application\/ld+json\" class=\"yoast-schema-graph\">{\"@context\":\"https:\\\/\\\/schema.org\",\"@graph\":[{\"@type\":\"WebPage\",\"@id\":\"https:\\\/\\\/taulunkartano.fi\\\/en\\\/story-of-taulun-kartano\\\/\",\"url\":\"https:\\\/\\\/taulunkartano.fi\\\/en\\\/story-of-taulun-kartano\\\/\",\"name\":\"Story of Taulun Kartano - Taulun Kartano\",\"isPartOf\":{\"@id\":\"https:\\\/\\\/taulunkartano.fi\\\/#website\"},\"datePublished\":\"2017-07-10T17:37:03+00:00\",\"dateModified\":\"2017-07-11T08:32:58+00:00\",\"breadcrumb\":{\"@id\":\"https:\\\/\\\/taulunkartano.fi\\\/en\\\/story-of-taulun-kartano\\\/#breadcrumb\"},\"inLanguage\":\"en-US\",\"potentialAction\":[{\"@type\":\"ReadAction\",\"target\":[\"https:\\\/\\\/taulunkartano.fi\\\/en\\\/story-of-taulun-kartano\\\/\"]}]},{\"@type\":\"BreadcrumbList\",\"@id\":\"https:\\\/\\\/taulunkartano.fi\\\/en\\\/story-of-taulun-kartano\\\/#breadcrumb\",\"itemListElement\":[{\"@type\":\"ListItem\",\"position\":1,\"name\":\"Home\",\"item\":\"https:\\\/\\\/taulunkartano.fi\\\/en\\\/\"},{\"@type\":\"ListItem\",\"position\":2,\"name\":\"Story of Taulun Kartano\"}]},{\"@type\":\"WebSite\",\"@id\":\"https:\\\/\\\/taulunkartano.fi\\\/#website\",\"url\":\"https:\\\/\\\/taulunkartano.fi\\\/\",\"name\":\"Taulun Kartano\",\"description\":\"Juhlaa jokaiseen p&auml;iv&auml;&auml;n kartanohotellissa.\",\"potentialAction\":[{\"@type\":\"SearchAction\",\"target\":{\"@type\":\"EntryPoint\",\"urlTemplate\":\"https:\\\/\\\/taulunkartano.fi\\\/?s={search_term_string}\"},\"query-input\":{\"@type\":\"PropertyValueSpecification\",\"valueRequired\":true,\"valueName\":\"search_term_string\"}}],\"inLanguage\":\"en-US\"}]}<\/script>\n<!-- \/ Yoast SEO plugin. -->","yoast_head_json":{"title":"Story of Taulun Kartano - Taulun Kartano","robots":{"index":"index","follow":"follow","max-snippet":"max-snippet:-1","max-image-preview":"max-image-preview:large","max-video-preview":"max-video-preview:-1"},"canonical":"https:\/\/taulunkartano.fi\/en\/story-of-taulun-kartano\/","og_locale":"en_US","og_type":"article","og_title":"Story of Taulun Kartano - Taulun Kartano","og_description":"[mk_page_section bg_image=&#8221;http:\/\/taulunkartano.cloud23.hostingpalvelu.fi\/wp-content\/uploads\/2017\/01\/tauluntarina.jpg&#8221; bg_position=&#8221;center bottom&#8221; bg_repeat=&#8221;no-repeat&#8221; bg_stretch=&#8221;true&#8221; enable_3d=&#8221;true&#8221; speed_factor=&#8221;0.4&#8243; bg_gradient=&#8221;vertical&#8221; video_color_mask=&#8221;#333333&#8243; video_opacity=&#8221;0.1&#8243; min_height=&#8221;500&#8243; full_width=&#8221;true&#8221; padding_top=&#8221;0&#8243; top_shape_color=&#8221;#ffffff&#8221; bottom_shape_style=&#8221;curve-bottom&#8221; bottom_shape_color=&#8221;#ffffff&#8221; el_class=&#8221;sivuosio&#8221; sidebar=&#8221;sidebar-1&#8243;][vc_column css=&#8221;.vc_custom_1475674396383{padding-top: 0px !important;padding-right: 0px !important;padding-bottom: 0px !important;padding-left: 0px !important;}&#8221;][mk_image src=&#8221;http:\/\/taulunkartano.cloud23.hostingpalvelu.fi\/wp-content\/uploads\/2016\/08\/reuna_ala.png&#8221; image_size=&#8221;full&#8221; align=&#8221;center&#8221; el_class=&#8221;kuvamoduuli&#8221;][mk_padding_divider size=&#8221;20&#8243;][\/vc_column][\/mk_page_section][mk_page_section bg_position=&#8221;left center&#8221; bg_repeat=&#8221;no-repeat&#8221; bg_stretch=&#8221;true&#8221; enable_3d=&#8221;true&#8221; sidebar=&#8221;sidebar-1&#8243;][vc_column][vc_row_inner css=&#8221;.vc_custom_1483444896409{padding-top: 50px !important;}&#8221;][vc_column_inner][mk_fancy_title tag_name=&#8221;h1&#8243; size=&#8221;45&#8243; force_font_size=&#8221;true&#8221; size_phone=&#8221;30&#8243; margin_bottom=&#8221;0&#8243; font_family=&#8221;none&#8221; align=&#8221;center&#8221;]Story of Taulun Kartano[\/mk_fancy_title][vc_single_image image=&#8221;121&#8243; img_size=&#8221;full&#8221; alignment=&#8221;center&#8221; [&hellip;]","og_url":"https:\/\/taulunkartano.fi\/en\/story-of-taulun-kartano\/","og_site_name":"Taulun Kartano","article_modified_time":"2017-07-11T08:32:58+00:00","og_image":[{"width":1920,"height":1031,"url":"https:\/\/taulunkartano.fi\/wp-content\/uploads\/2016\/08\/testi_rakennus-1.jpg","type":"image\/jpeg"}],"twitter_card":"summary_large_image","twitter_misc":{"Est. reading time":"7 minutes"},"schema":{"@context":"https:\/\/schema.org","@graph":[{"@type":"WebPage","@id":"https:\/\/taulunkartano.fi\/en\/story-of-taulun-kartano\/","url":"https:\/\/taulunkartano.fi\/en\/story-of-taulun-kartano\/","name":"Story of Taulun Kartano - Taulun Kartano","isPartOf":{"@id":"https:\/\/taulunkartano.fi\/#website"},"datePublished":"2017-07-10T17:37:03+00:00","dateModified":"2017-07-11T08:32:58+00:00","breadcrumb":{"@id":"https:\/\/taulunkartano.fi\/en\/story-of-taulun-kartano\/#breadcrumb"},"inLanguage":"en-US","potentialAction":[{"@type":"ReadAction","target":["https:\/\/taulunkartano.fi\/en\/story-of-taulun-kartano\/"]}]},{"@type":"BreadcrumbList","@id":"https:\/\/taulunkartano.fi\/en\/story-of-taulun-kartano\/#breadcrumb","itemListElement":[{"@type":"ListItem","position":1,"name":"Home","item":"https:\/\/taulunkartano.fi\/en\/"},{"@type":"ListItem","position":2,"name":"Story of Taulun Kartano"}]},{"@type":"WebSite","@id":"https:\/\/taulunkartano.fi\/#website","url":"https:\/\/taulunkartano.fi\/","name":"Taulun Kartano","description":"Juhlaa jokaiseen p&auml;iv&auml;&auml;n kartanohotellissa.","potentialAction":[{"@type":"SearchAction","target":{"@type":"EntryPoint","urlTemplate":"https:\/\/taulunkartano.fi\/?s={search_term_string}"},"query-input":{"@type":"PropertyValueSpecification","valueRequired":true,"valueName":"search_term_string"}}],"inLanguage":"en-US"}]}},"_links":{"self":[{"href":"https:\/\/taulunkartano.fi\/en\/wp-json\/wp\/v2\/pages\/1187","targetHints":{"allow":["GET"]}}],"collection":[{"href":"https:\/\/taulunkartano.fi\/en\/wp-json\/wp\/v2\/pages"}],"about":[{"href":"https:\/\/taulunkartano.fi\/en\/wp-json\/wp\/v2\/types\/page"}],"author":[{"embeddable":true,"href":"https:\/\/taulunkartano.fi\/en\/wp-json\/wp\/v2\/users\/1"}],"replies":[{"embeddable":true,"href":"https:\/\/taulunkartano.fi\/en\/wp-json\/wp\/v2\/comments?post=1187"}],"version-history":[{"count":0,"href":"https:\/\/taulunkartano.fi\/en\/wp-json\/wp\/v2\/pages\/1187\/revisions"}],"wp:attachment":[{"href":"https:\/\/taulunkartano.fi\/en\/wp-json\/wp\/v2\/media?parent=1187"}],"curies":[{"name":"wp","href":"https:\/\/api.w.org\/{rel}","templated":true}]}}