{"id":986,"date":"2017-07-10T13:27:31","date_gmt":"2017-07-10T13:27:31","guid":{"rendered":"http:\/\/taulunkartano.fi\/en\/?page_id=986"},"modified":"2024-04-18T10:23:26","modified_gmt":"2024-04-18T10:23:26","slug":"home","status":"publish","type":"page","link":"https:\/\/taulunkartano.fi\/en\/","title":{"rendered":"Home"},"content":{"rendered":"<div class=\"wpb-content-wrapper\">[mk_page_section bg_position=&#8221;center bottom&#8221; bg_repeat=&#8221;no-repeat&#8221; speed_factor=&#8221;0.4&#8243; bg_video=&#8221;yes&#8221; mp4=&#8221;https:\/\/taulunkartano.fi\/wp-content\/uploads\/2016\/08\/taulunkartano.mp4&#8243; webm=&#8221;https:\/\/taulunkartano.fi\/wp-content\/uploads\/2016\/08\/taulunkartano.webm&#8221; poster_image=&#8221;http:\/\/taulunkartano.cloud23.hostingpalvelu.fi\/wp-content\/uploads\/2016\/08\/testi_rakennus-1.jpg&#8221; video_color_mask=&#8221;#333333&#8243; video_opacity=&#8221;0.2&#8243; min_height=&#8221;500&#8243; full_width=&#8221;true&#8221; padding_top=&#8221;0&#8243; top_shape_color=&#8221;#ffffff&#8221; bottom_shape_style=&#8221;curve-bottom&#8221; bottom_shape_color=&#8221;#ffffff&#8221; el_class=&#8221;sivuosio&#8221; sidebar=&#8221;sidebar-1&#8243;][vc_column css=&#8221;.vc_custom_1475674396383{padding-top: 0px !important;padding-right: 0px !important;padding-bottom: 0px !important;padding-left: 0px !important;}&#8221;][mk_image src=&#8221;https:\/\/taulunkartano.cloud23.hostingpalvelu.fi\/wp-content\/uploads\/2016\/08\/reuna_ala.png&#8221; image_size=&#8221;full&#8221; align=&#8221;center&#8221; el_class=&#8221;kuvamoduuli&#8221;][mk_padding_divider size=&#8221;20&#8243;][vc_single_image image=&#8221;1229&#8243; img_size=&#8221;400xauto&#8221; alignment=&#8221;center&#8221;][vc_single_image image=&#8221;147&#8243; img_size=&#8221;full&#8221; alignment=&#8221;center&#8221; css=&#8221;.vc_custom_1499694935159{margin-bottom: -100px !important;}&#8221;][\/vc_column][\/mk_page_section][mk_page_section bg_image=&#8221;http:\/\/taulunkartano.cloud23.hostingpalvelu.fi\/wp-content\/uploads\/2016\/08\/taulunkartano_keskisuomi_etusivu_tausta.jpg&#8221; bg_position=&#8221;left center&#8221; bg_repeat=&#8221;no-repeat&#8221; bg_stretch=&#8221;true&#8221; enable_3d=&#8221;true&#8221; sidebar=&#8221;sidebar-1&#8243;][vc_column][vc_row_inner css=&#8221;.vc_custom_1476877462330{padding-top: 100px !important;}&#8221;][vc_column_inner width=&#8221;1\/4&#8243;][\/vc_column_inner][vc_column_inner width=&#8221;1\/2&#8243;][mk_fancy_title tag_name=&#8221;h1&#8243; size=&#8221;45&#8243; force_font_size=&#8221;true&#8221; size_phone=&#8221;30&#8243; margin_bottom=&#8221;0&#8243; font_family=&#8221;none&#8221; align=&#8221;center&#8221;]Fine service at a country Estate[\/mk_fancy_title][vc_column_text align=&#8221;center&#8221; css=&#8221;.vc_custom_1552754952865{margin-bottom: 0px !important;}&#8221;]The Taulu Estate offers homelike hotel and restaurant services with the spirit of days gone combined with modern conveniences. Where you are travelling with your family or arranging celebrations for life&#8217;s important event, the Taulu Estate and its personnel do their all to make your experience unique. We are family-owned business with traditions and ecology as its cornerstones.[\/vc_column_text][\/vc_column_inner][vc_column_inner width=&#8221;1\/4&#8243;][\/vc_column_inner][\/vc_row_inner][vc_row_inner css=&#8221;.vc_custom_1476885104636{padding-top: 50px !important;padding-bottom: 80px !important;}&#8221;][vc_column_inner width=&#8221;1\/3&#8243;][vc_single_image image=&#8221;124&#8243; img_size=&#8221;full&#8221; onclick=&#8221;custom_link&#8221; link=&#8221;\/juhlat&#8221;][mk_fancy_title size=&#8221;35&#8243; force_font_size=&#8221;true&#8221; size_phone=&#8221;30&#8243; margin_bottom=&#8221;0&#8243; font_family=&#8221;none&#8221; align=&#8221;center&#8221;]<a href=\"https:\/\/taulunkartano.fi\/en\/celebrations\/\">Celebrations<\/a>[\/mk_fancy_title][\/vc_column_inner][vc_column_inner width=&#8221;1\/3&#8243;][vc_single_image image=&#8221;125&#8243; img_size=&#8221;full&#8221; onclick=&#8221;custom_link&#8221; link=&#8221;\/kartano&#8221;][mk_fancy_title size=&#8221;35&#8243; force_font_size=&#8221;true&#8221; size_phone=&#8221;30&#8243; margin_bottom=&#8221;0&#8243; font_family=&#8221;none&#8221; align=&#8221;center&#8221;]<a href=\"https:\/\/taulunkartano.fi\/en\/conferences\/\">Meetings &amp; business events<\/a>[\/mk_fancy_title][\/vc_column_inner][vc_column_inner width=&#8221;1\/3&#8243;][vc_single_image image=&#8221;126&#8243; img_size=&#8221;full&#8221; onclick=&#8221;custom_link&#8221; link=&#8221;\/majoitus&#8221;][mk_fancy_title size=&#8221;35&#8243; force_font_size=&#8221;true&#8221; size_phone=&#8221;30&#8243; margin_bottom=&#8221;0&#8243; font_family=&#8221;none&#8221; align=&#8221;center&#8221;]<a href=\"https:\/\/taulunkartano.fi\/en\/accommodation\/\">Accommodation<\/a>[\/mk_fancy_title][\/vc_column_inner][\/vc_row_inner][vc_single_image image=&#8221;121&#8243; img_size=&#8221;full&#8221; alignment=&#8221;center&#8221;][mk_button dimension=&#8221;flat&#8221; size=&#8221;x-large&#8221; icon=&#8221;mk-li-calendar&#8221; url=&#8221;https:\/\/app.moder.fi\/taulun-kartano?lang=en&#8221; align=&#8221;center&#8221; margin_top=&#8221;20&#8243; margin_bottom=&#8221;35&#8243;]BOOK ACCOMMODATION[\/mk_button][\/vc_column][\/mk_page_section][vc_row fullwidth=&#8221;true&#8221; css=&#8221;.vc_custom_1475841773100{margin-bottom: 0px !important;padding-bottom: 0px !important;}&#8221;][vc_column][mk_image src=&#8221;https:\/\/taulunkartano.cloud23.hostingpalvelu.fi\/wp-content\/uploads\/2016\/08\/footer_reuna.png&#8221; image_size=&#8221;full&#8221; align=&#8221;center&#8221; margin_bottom=&#8221;0&#8243; el_class=&#8221;kuvamoduuli&#8221;][\/vc_column][\/vc_row]\n<\/div>","protected":false},"excerpt":{"rendered":"<p>[mk_page_section bg_position=&#8221;center bottom&#8221; bg_repeat=&#8221;no-repeat&#8221; speed_factor=&#8221;0.4&#8243; bg_video=&#8221;yes&#8221; mp4=&#8221;https:\/\/taulunkartano.fi\/wp-content\/uploads\/2016\/08\/taulunkartano.mp4&#8243; webm=&#8221;https:\/\/taulunkartano.fi\/wp-content\/uploads\/2016\/08\/taulunkartano.webm&#8221; poster_image=&#8221;http:\/\/taulunkartano.cloud23.hostingpalvelu.fi\/wp-content\/uploads\/2016\/08\/testi_rakennus-1.jpg&#8221; video_color_mask=&#8221;#333333&#8243; video_opacity=&#8221;0.2&#8243; min_height=&#8221;500&#8243; full_width=&#8221;true&#8221; padding_top=&#8221;0&#8243; top_shape_color=&#8221;#ffffff&#8221; bottom_shape_style=&#8221;curve-bottom&#8221; bottom_shape_color=&#8221;#ffffff&#8221; el_class=&#8221;sivuosio&#8221; sidebar=&#8221;sidebar-1&#8243;][vc_column css=&#8221;.vc_custom_1475674396383{padding-top: 0px !important;padding-right: 0px !important;padding-bottom: 0px !important;padding-left: 0px !important;}&#8221;][mk_image src=&#8221;https:\/\/taulunkartano.cloud23.hostingpalvelu.fi\/wp-content\/uploads\/2016\/08\/reuna_ala.png&#8221; image_size=&#8221;full&#8221; align=&#8221;center&#8221; el_class=&#8221;kuvamoduuli&#8221;][mk_padding_divider size=&#8221;20&#8243;][vc_single_image image=&#8221;1229&#8243; img_size=&#8221;400xauto&#8221; alignment=&#8221;center&#8221;][vc_single_image image=&#8221;147&#8243; img_size=&#8221;full&#8221; alignment=&#8221;center&#8221; css=&#8221;.vc_custom_1499694935159{margin-bottom: -100px !important;}&#8221;][\/vc_column][\/mk_page_section][mk_page_section bg_image=&#8221;http:\/\/taulunkartano.cloud23.hostingpalvelu.fi\/wp-content\/uploads\/2016\/08\/taulunkartano_keskisuomi_etusivu_tausta.jpg&#8221; bg_position=&#8221;left center&#8221; bg_repeat=&#8221;no-repeat&#8221; bg_stretch=&#8221;true&#8221; enable_3d=&#8221;true&#8221; sidebar=&#8221;sidebar-1&#8243;][vc_column][vc_row_inner css=&#8221;.vc_custom_1476877462330{padding-top: 100px !important;}&#8221;][vc_column_inner width=&#8221;1\/4&#8243;][\/vc_column_inner][vc_column_inner width=&#8221;1\/2&#8243;][mk_fancy_title tag_name=&#8221;h1&#8243; [&hellip;]<\/p>\n","protected":false},"author":1,"featured_media":0,"parent":0,"menu_order":0,"comment_status":"closed","ping_status":"closed","template":"","meta":{"footnotes":""},"class_list":["post-986","page","type-page","status-publish","hentry"],"yoast_head":"<!-- This site is optimized with the Yoast SEO plugin v27.4 - https:\/\/yoast.com\/product\/yoast-seo-wordpress\/ -->\n<title>Taulun Kartano country manor near Jyv\u00e4skyl\u00e4 in Central Finland<\/title>\n<meta name=\"description\" content=\"Manor hotel in the finnish countryside near Jyv\u00e4skyl\u00e4. Accommodation, business and private celebrations and conference rooms as well as saunas.\" \/>\n<meta name=\"robots\" content=\"index, follow, max-snippet:-1, max-image-preview:large, max-video-preview:-1\" \/>\n<link rel=\"canonical\" href=\"https:\/\/taulunkartano.fi\/en\/\" \/>\n<meta property=\"og:locale\" content=\"en_US\" \/>\n<meta property=\"og:type\" content=\"article\" \/>\n<meta property=\"og:title\" content=\"Taulun Kartano country manor near Jyv\u00e4skyl\u00e4 in Central Finland\" \/>\n<meta property=\"og:description\" content=\"Manor hotel in the finnish countryside near Jyv\u00e4skyl\u00e4. Accommodation, business and private celebrations and conference rooms as well as saunas.\" \/>\n<meta property=\"og:url\" content=\"https:\/\/taulunkartano.fi\/en\/\" \/>\n<meta property=\"og:site_name\" content=\"Taulun Kartano\" \/>\n<meta property=\"article:modified_time\" content=\"2024-04-18T10:23:26+00:00\" \/>\n<meta property=\"og:image\" content=\"https:\/\/taulunkartano.fi\/wp-content\/uploads\/2016\/08\/testi_rakennus-1.jpg\" \/>\n\t<meta property=\"og:image:width\" content=\"1920\" \/>\n\t<meta property=\"og:image:height\" content=\"1031\" \/>\n\t<meta property=\"og:image:type\" content=\"image\/jpeg\" \/>\n<meta name=\"twitter:card\" content=\"summary_large_image\" \/>\n<meta name=\"twitter:label1\" content=\"Est. reading time\" \/>\n\t<meta name=\"twitter:data1\" content=\"3 minutes\" \/>\n<script type=\"application\/ld+json\" class=\"yoast-schema-graph\">{\"@context\":\"https:\\\/\\\/schema.org\",\"@graph\":[{\"@type\":\"WebPage\",\"@id\":\"https:\\\/\\\/taulunkartano.fi\\\/en\\\/\",\"url\":\"https:\\\/\\\/taulunkartano.fi\\\/en\\\/\",\"name\":\"Taulun Kartano country manor near Jyv\u00e4skyl\u00e4 in Central Finland\",\"isPartOf\":{\"@id\":\"https:\\\/\\\/taulunkartano.fi\\\/#website\"},\"datePublished\":\"2017-07-10T13:27:31+00:00\",\"dateModified\":\"2024-04-18T10:23:26+00:00\",\"description\":\"Manor hotel in the finnish countryside near Jyv\u00e4skyl\u00e4. Accommodation, business and private celebrations and conference rooms as well as saunas.\",\"breadcrumb\":{\"@id\":\"https:\\\/\\\/taulunkartano.fi\\\/en\\\/#breadcrumb\"},\"inLanguage\":\"en-US\",\"potentialAction\":[{\"@type\":\"ReadAction\",\"target\":[\"https:\\\/\\\/taulunkartano.fi\\\/en\\\/\"]}]},{\"@type\":\"BreadcrumbList\",\"@id\":\"https:\\\/\\\/taulunkartano.fi\\\/en\\\/#breadcrumb\",\"itemListElement\":[{\"@type\":\"ListItem\",\"position\":1,\"name\":\"Home\",\"item\":\"https:\\\/\\\/taulunkartano.fi\\\/en\\\/\"},{\"@type\":\"ListItem\",\"position\":2,\"name\":\"Home\"}]},{\"@type\":\"WebSite\",\"@id\":\"https:\\\/\\\/taulunkartano.fi\\\/#website\",\"url\":\"https:\\\/\\\/taulunkartano.fi\\\/\",\"name\":\"Taulun Kartano\",\"description\":\"Juhlaa jokaiseen p&auml;iv&auml;&auml;n kartanohotellissa.\",\"potentialAction\":[{\"@type\":\"SearchAction\",\"target\":{\"@type\":\"EntryPoint\",\"urlTemplate\":\"https:\\\/\\\/taulunkartano.fi\\\/?s={search_term_string}\"},\"query-input\":{\"@type\":\"PropertyValueSpecification\",\"valueRequired\":true,\"valueName\":\"search_term_string\"}}],\"inLanguage\":\"en-US\"}]}<\/script>\n<!-- \/ Yoast SEO plugin. -->","yoast_head_json":{"title":"Taulun Kartano country manor near Jyv\u00e4skyl\u00e4 in Central Finland","description":"Manor hotel in the finnish countryside near Jyv\u00e4skyl\u00e4. Accommodation, business and private celebrations and conference rooms as well as saunas.","robots":{"index":"index","follow":"follow","max-snippet":"max-snippet:-1","max-image-preview":"max-image-preview:large","max-video-preview":"max-video-preview:-1"},"canonical":"https:\/\/taulunkartano.fi\/en\/","og_locale":"en_US","og_type":"article","og_title":"Taulun Kartano country manor near Jyv\u00e4skyl\u00e4 in Central Finland","og_description":"Manor hotel in the finnish countryside near Jyv\u00e4skyl\u00e4. Accommodation, business and private celebrations and conference rooms as well as saunas.","og_url":"https:\/\/taulunkartano.fi\/en\/","og_site_name":"Taulun Kartano","article_modified_time":"2024-04-18T10:23:26+00:00","og_image":[{"width":1920,"height":1031,"url":"https:\/\/taulunkartano.fi\/wp-content\/uploads\/2016\/08\/testi_rakennus-1.jpg","type":"image\/jpeg"}],"twitter_card":"summary_large_image","twitter_misc":{"Est. reading time":"3 minutes"},"schema":{"@context":"https:\/\/schema.org","@graph":[{"@type":"WebPage","@id":"https:\/\/taulunkartano.fi\/en\/","url":"https:\/\/taulunkartano.fi\/en\/","name":"Taulun Kartano country manor near Jyv\u00e4skyl\u00e4 in Central Finland","isPartOf":{"@id":"https:\/\/taulunkartano.fi\/#website"},"datePublished":"2017-07-10T13:27:31+00:00","dateModified":"2024-04-18T10:23:26+00:00","description":"Manor hotel in the finnish countryside near Jyv\u00e4skyl\u00e4. Accommodation, business and private celebrations and conference rooms as well as saunas.","breadcrumb":{"@id":"https:\/\/taulunkartano.fi\/en\/#breadcrumb"},"inLanguage":"en-US","potentialAction":[{"@type":"ReadAction","target":["https:\/\/taulunkartano.fi\/en\/"]}]},{"@type":"BreadcrumbList","@id":"https:\/\/taulunkartano.fi\/en\/#breadcrumb","itemListElement":[{"@type":"ListItem","position":1,"name":"Home","item":"https:\/\/taulunkartano.fi\/en\/"},{"@type":"ListItem","position":2,"name":"Home"}]},{"@type":"WebSite","@id":"https:\/\/taulunkartano.fi\/#website","url":"https:\/\/taulunkartano.fi\/","name":"Taulun Kartano","description":"Juhlaa jokaiseen p&auml;iv&auml;&auml;n kartanohotellissa.","potentialAction":[{"@type":"SearchAction","target":{"@type":"EntryPoint","urlTemplate":"https:\/\/taulunkartano.fi\/?s={search_term_string}"},"query-input":{"@type":"PropertyValueSpecification","valueRequired":true,"valueName":"search_term_string"}}],"inLanguage":"en-US"}]}},"_links":{"self":[{"href":"https:\/\/taulunkartano.fi\/en\/wp-json\/wp\/v2\/pages\/986","targetHints":{"allow":["GET"]}}],"collection":[{"href":"https:\/\/taulunkartano.fi\/en\/wp-json\/wp\/v2\/pages"}],"about":[{"href":"https:\/\/taulunkartano.fi\/en\/wp-json\/wp\/v2\/types\/page"}],"author":[{"embeddable":true,"href":"https:\/\/taulunkartano.fi\/en\/wp-json\/wp\/v2\/users\/1"}],"replies":[{"embeddable":true,"href":"https:\/\/taulunkartano.fi\/en\/wp-json\/wp\/v2\/comments?post=986"}],"version-history":[{"count":6,"href":"https:\/\/taulunkartano.fi\/en\/wp-json\/wp\/v2\/pages\/986\/revisions"}],"predecessor-version":[{"id":2820,"href":"https:\/\/taulunkartano.fi\/en\/wp-json\/wp\/v2\/pages\/986\/revisions\/2820"}],"wp:attachment":[{"href":"https:\/\/taulunkartano.fi\/en\/wp-json\/wp\/v2\/media?parent=986"}],"curies":[{"name":"wp","href":"https:\/\/api.w.org\/{rel}","templated":true}]}}